{"id":2200,"date":"2018-06-11T01:03:04","date_gmt":"2018-06-11T00:03:04","guid":{"rendered":"http:\/\/www.salahadeenmosque.org.uk\/?page_id=2200"},"modified":"2018-06-11T01:03:04","modified_gmt":"2018-06-11T00:03:04","slug":"quran-summarized-in-english-30-part-summary","status":"publish","type":"page","link":"https:\/\/salahadeenmosque.org.uk\/index.php\/quran-summarized-in-english-30-part-summary\/","title":{"rendered":"Quran Summarized in English &#8211; 30 Part Summary"},"content":{"rendered":"<p>This humble summary of the Qur\u2019\u0101n in 30 sections known as Juz (pl. Ajz\u0101) has been compiled in order to help us develop kush\u016b\u2019 (attentiveness) and enrich our prayers when listening to the Qur\u2019\u0101n especially in Ramad\u0101n when most mosques try to complete its recitation during this Sacred Month. We hope it becomes an encouragement for us to read at least one Juz each day of our lives and to become attached to the Qur\u2019\u0101n, such that we become known as the People of Qur\u2019\u0101n.<\/p>\n<p>This publication is courtesy of MRDF. Click the text below.<\/p>\n[pdf-embedder url=&#8221;http:\/\/www.salahadeenmosque.org.uk\/wp-content\/uploads\/2018\/06\/JuzbyJuz.pdf&#8221;]\n","protected":false},"excerpt":{"rendered":"<p>This humble summary of the Qur\u2019\u0101n in 30 sections known as Juz (pl. Ajz\u0101) has been compiled in order to help us develop kush\u016b\u2019 (attentiveness) and enrich our prayers when listening to the Qur\u2019\u0101n especially in Ramad\u0101n when most mosques try to complete its recitation during this Sacred Month. We hope it becomes an encouragement [&hellip;]<\/p>\n","protected":false},"author":1,"featured_media":0,"parent":0,"menu_order":0,"comment_status":"closed","ping_status":"closed","template":"","meta":{"_regular_price":[],"currency_symbol":[],"inline_featured_image":false,"footnotes":""},"class_list":["post-2200","page","type-page","status-publish","hentry"],"blocksy_meta":[],"post_slider_layout_featured_media_urls":{"thumbnail":"","post_slider_layout_landscape_large":"","post_slider_layout_portrait_large":"","post_slider_layout_square_large":"","post_slider_layout_landscape":"","post_slider_layout_portrait":"","post_slider_layout_square":"","full":""},"_links":{"self":[{"href":"https:\/\/salahadeenmosque.org.uk\/index.php\/wp-json\/wp\/v2\/pages\/2200","targetHints":{"allow":["GET"]}}],"collection":[{"href":"https:\/\/salahadeenmosque.org.uk\/index.php\/wp-json\/wp\/v2\/pages"}],"about":[{"href":"https:\/\/salahadeenmosque.org.uk\/index.php\/wp-json\/wp\/v2\/types\/page"}],"author":[{"embeddable":true,"href":"https:\/\/salahadeenmosque.org.uk\/index.php\/wp-json\/wp\/v2\/users\/1"}],"replies":[{"embeddable":true,"href":"https:\/\/salahadeenmosque.org.uk\/index.php\/wp-json\/wp\/v2\/comments?post=2200"}],"version-history":[{"count":0,"href":"https:\/\/salahadeenmosque.org.uk\/index.php\/wp-json\/wp\/v2\/pages\/2200\/revisions"}],"wp:attachment":[{"href":"https:\/\/salahadeenmosque.org.uk\/index.php\/wp-json\/wp\/v2\/media?parent=2200"}],"curies":[{"name":"wp","href":"https:\/\/api.w.org\/{rel}","templated":true}]}}